{"id":3,"date":"2022-11-10T16:30:19","date_gmt":"2022-11-10T16:30:19","guid":{"rendered":"https:\/\/aclimpio.kraken-design.eu\/?page_id=3"},"modified":"2022-12-16T17:17:34","modified_gmt":"2022-12-16T17:17:34","slug":"privacy-policy","status":"publish","type":"page","link":"https:\/\/aclimpio.es\/?page_id=3","title":{"rendered":"Aviso Legal"},"content":{"rendered":"\t\t<div data-elementor-type=\"wp-page\" data-elementor-id=\"3\" class=\"elementor elementor-3\">\n\t\t\t\t\t\t\t\t\t<section class=\"elementor-section elementor-top-section elementor-element elementor-element-18e348cd elementor-section-boxed elementor-section-height-default elementor-section-height-default\" data-id=\"18e348cd\" data-element_type=\"section\">\n\t\t\t\t\t\t<div class=\"elementor-container elementor-column-gap-default\">\n\t\t\t\t\t<div class=\"elementor-column elementor-col-100 elementor-top-column elementor-element elementor-element-23e58f5\" data-id=\"23e58f5\" data-element_type=\"column\">\n\t\t\t<div class=\"elementor-widget-wrap elementor-element-populated\">\n\t\t\t\t\t\t\t\t<div class=\"elementor-element elementor-element-4e6948c9 elementor-widget elementor-widget-text-editor\" data-id=\"4e6948c9\" data-element_type=\"widget\" data-widget_type=\"text-editor.default\">\n\t\t\t\t<div class=\"elementor-widget-container\">\n\t\t\t\t\t\t\t<p class=\"p2\"><b>DATOS IDENTIFICATIVOS Y TITULARIDAD<\/b><\/p>\r\n<p class=\"p3\"><b>Raz\u00f3n social: <\/b>ACLIMPIO CORPORATION SL<b><br \/>CIF: <\/b>B93573855<b><br \/>Correo electr\u00f3nico: <\/b><span class=\"s1\">administracion@aclimpio.es<\/span><b><br \/>Tel\u00e9fono: <\/b><span class=\"s1\">695841729<\/span><b><br \/>Domicilio: <\/b>Calle Cesar Vallejo 49 (Pol\u00edgono Industrial Guadalhorce), 29004 M\u00e1laga (M\u00e1laga)<b><br \/>Datos registrales:<\/b> M\u00c1LAGA MERCANTIL con fecha 18\/10\/2017, n\u00famero de inscripci\u00f3n I, tomo 5660, folio 182, secci\u00f3n, hoja MA-141705.<b><br \/>Dominio web:<\/b> https:\/\/www.aclimpio.es\/<\/p>\r\n<p class=\"p2\">Con el presente documento se pretende dar cumplimiento a las obligaciones dispuestas en la Ley 34\/2002, de 11 de julio, de Servicios de la Sociedad de la Informaci\u00f3n y del Comercio Electr\u00f3nico (LSSICE), as\u00ed como informar a todos los usuarios del sitio web respecto a cu\u00e1les son las condiciones de uso.<\/p>\r\n<p class=\"p2\">Toda persona que acceda a este sitio web asume el papel de usuario, comprometi\u00e9ndose a la observancia y cumplimiento riguroso de las disposiciones aqu\u00ed dispuestas, as\u00ed como de la <span class=\"s2\"><i>Pol\u00edtica de Privacidad<\/i><\/span>, la <span class=\"s2\"><i>Pol\u00edtica de Cookies<\/i><\/span> y cualquier otra disposici\u00f3n legal que fuera de aplicaci\u00f3n.<\/p>\r\n<p class=\"p2\">ACLIMPIO CORPORATION SL se reserva el derecho de modificar cualquier tipo de informaci\u00f3n que pudiera aparecer en el sitio web, sin que exista obligaci\u00f3n de preavisar o poner en conocimiento de los usuarios dichas obligaciones, entendi\u00e9ndose como suficiente con la publicaci\u00f3n en esta p\u00e1gina web.<\/p>\r\n<p class=\"p2\">Con los l\u00edmites establecidos en la ley, ACLIMPIO CORPORATION SL no asume ninguna responsabilidad derivada de la falta de veracidad, integridad, actualizaci\u00f3n y precisi\u00f3n de los datos o informaciones que se contienen en la p\u00e1gina web.<\/p>\r\n<p class=\"p2\">Los contenidos e informaci\u00f3n no vinculan a https:\/\/www.aclimpio.es\/ ni constituyen opiniones, consejos o asesoramiento legal de ning\u00fan tipo pues se trata meramente de un servicio ofrecido con car\u00e1cter informativo y divulgativo.<\/p>\r\n<p class=\"p2\">El usuario puede visitar la presente p\u00e1gina web cuando quiera y de manera gratuita y libre, as\u00ed como disfrutar de los servicios que se ofrecen en la misma.<\/p>\r\n<p class=\"p2\"><b>FINALIDAD<\/b><\/p>\r\n<p class=\"p2\">Est\u00e1 p\u00e1gina web tiene la finalidad de presentar a las personas usuarias los servicios ofrecidos por la empresa.<\/p>\r\n<p class=\"p2\"><b>COMENTARIOS<\/b><\/p>\r\n<p class=\"p2\">El titular se reserva el derecho de retirar todos aquellos comentarios que vulneren la legislaci\u00f3n vigente, lesivos de los derechos o intereses de terceros, o que, a su juicio, no resulten adecuados para su publicaci\u00f3n.<\/p>\r\n<p class=\"p2\">El titular no ser\u00e1 responsable de las opiniones vertidas por los usuarios a trav\u00e9s del sistema de comentarios, redes sociales u otras herramientas de participaci\u00f3n, conforme a lo previsto en la normativa de aplicaci\u00f3n.<\/p>\r\n<p class=\"p2\"><b>PROPIEDAD INDUSTRIAL E INTELECTUAL<\/b><\/p>\r\n<p class=\"p2\">El dise\u00f1o de la web del servicio y su contenido, marcas y logos son titularidad o est\u00e1n licenciados al titular de esta web, estando sujetos a los derechos de propiedad intelectual acordados por la ley. Cualquier acto de transmisi\u00f3n, distribuci\u00f3n, cesi\u00f3n, reproducci\u00f3n, almacenamiento o comunicaci\u00f3n p\u00fablica total o parcial, debe contar con el consentimiento expreso del titular.<\/p>\r\n<p class=\"p2\">El usuario no est\u00e1 facultado para, a t\u00edtulo meramente enunciativo: distribuir, modificar, transformar, ceder, poner a disposici\u00f3n del p\u00fablico o llevar a cabo cualquier otra actividad que no haya sido expresamente autorizada, sobre los elementos y contenidos indicados anteriormente, incluidos en los c\u00f3digos inform\u00e1ticos de cualquiera de los elementos de esta p\u00e1gina web.<\/p>\r\n<p class=\"p2\">El uso que el usuario haga de la informaci\u00f3n y contenidos de la plataforma solo puede ser privativo (utilizado de un modo privado).<\/p>\r\n<p class=\"p2\">El usuario podr\u00e1 visualizar los elementos de la plataforma e incluso imprimirlos, copiarlos y almacenarlos en el disco duro de su dispositivo o en cualquier otro soporte f\u00edsico, siempre y cuando sea, \u00fanica y exclusivamente, para un uso personal y privado, quedando, por tanto, prohibida su utilizaci\u00f3n con fines comerciales, su distribuci\u00f3n, as\u00ed como su modificaci\u00f3n, alteraci\u00f3n o descompilaci\u00f3n.<\/p>\r\n<p class=\"p2\">No obstante, como excepci\u00f3n a lo indicado en el punto anterior, se permite al usuario que comparta aquello relativo a la plataforma a trav\u00e9s de redes sociales, con las acciones \u00abtuit, retuit, compartir, bloguear\u00bb o similares, siempre y cuando se respete la titularidad de ACLIMPIO CORPORATION SL o la menci\u00f3n a las personas correspondientes.<\/p>\r\n<p class=\"p2\"><b>OBLIGACIONES Y RESPONSABILIDADES DEL USUARIO <\/b><\/p>\r\n<p class=\"p2\">El usuario, al acceder a esta p\u00e1gina web, asume los riesgos que pudieran producirse por su cuenta y riesgo. De este modo, ha de ser responsable del uso de medios id\u00f3neos para evitar riesgos controlables que le ata\u00f1an.<\/p>\r\n<p class=\"p2\"><span class=\"s2\">DERECHOS USUARIO:<\/span> El usuario tiene derecho a navegar por la p\u00e1gina web sujet\u00e1ndose siempre a las reglas establecidas en los avisos aplicables a la misma.<\/p>\r\n<p class=\"p2\">El usuario tiene derecho a ser atendido respecto de sus dudas, comentarios o ejercicio de derechos, sigui\u00e9ndose para todo ello los procedimientos establecidos en la p\u00e1gina web.<\/p>\r\n<p class=\"p2\"><span class=\"s2\">PROHIBICIONES USUARIO<\/span>: No se puede aprovechar la condici\u00f3n de usuario para acceder a informaci\u00f3n que no se corresponda sobre la informaci\u00f3n o servicios ofrecidos en esta p\u00e1gina web o sobre sus usuarios y efectuar un uso no autorizado o en contra de la ley que pueda causar alg\u00fan tipo de da\u00f1o, ni al titular de esta plataforma, ni a un tercero o usuario.<\/p>\r\n<p class=\"p2\">Est\u00e1 prohibido cualquier tipo de enlace hacia o desde p\u00e1ginas difamatorias, pornogr\u00e1ficas, racistas o cualquier otra que ofrezca informaci\u00f3n falsa o perjudique a la plataforma y a cualquiera de los profesionales o colaboradores que trabajan con o para ella.<\/p>\r\n<p class=\"p2\">En ning\u00fan caso el usuario podr\u00e1 suprimir, alterar, eludir o manipular cualquier dispositivo de protecci\u00f3n o sistemas de seguridad que puedan estar instalados en la plataforma para cometer alg\u00fan delito o fraude, atentar contra los derechos de propiedad intelectual, privacidad, confidencialidad de los usuarios de la plataforma o de su titular.<\/p>\r\n<p class=\"p2\"><span class=\"s2\">DERECHOS TITULAR:<\/span> El titular de esta plataforma tiene derecho a tratar los datos del usuario de acuerdo con lo establecido en estos avisos y en la pol\u00edtica de privacidad, utilizando dicha informaci\u00f3n para atender sus consultas, pudiendo llevar a cabo todas las medidas adecuadas seg\u00fan la ley para poder prestar el servicio de forma efectiva.<\/p>\r\n<p class=\"p2\"><b>RESPONSABILIDADES<\/b><\/p>\r\n<p class=\"p2\">La informaci\u00f3n y servicios incluidos o disponibles a trav\u00e9s de este sitio web pueden incluir incorrecciones o errores tipogr\u00e1ficos. De forma peri\u00f3dica el titular incorpora mejoras y\/o cambios a la informaci\u00f3n contenida y\/o los servicios que puede introducir en cualquier momento.<\/p>\r\n<p class=\"p2\">El titular no declara ni garantiza que los servicios o contenidos sean interrumpidos o que est\u00e9n libres de errores, que los defectos sean corregidos, o que el servicio o el servidor que lo pone a disposici\u00f3n est\u00e9n libres de virus u otros componentes nocivos sin perjuicio de que el titular realiza todos los esfuerzos en evitar este tipo de incidentes.<\/p>\r\n<p class=\"p2\">ACLIMPIO CORPORATION SL tampoco garantiza la disponibilidad, continuidad o infalibilidad del funcionamiento de la plataforma y, en consecuencia, excluye, en la m\u00e1xima medida permitida por la legislaci\u00f3n vigente, cualquier responsabilidad por los da\u00f1os y perjuicios de toda naturaleza que puedan deberse a la falta de disponibilidad o de continuidad del funcionamiento de la p\u00e1gina web y de los servicios habilitados en la misma, as\u00ed como a los errores en el acceso.<\/p>\r\n<p class=\"p2\"><b>HIPERV\u00cdNCULOS<\/b><\/p>\r\n<p class=\"p2\">El usuario se obliga a no reproducir de ning\u00fan modo, ni siquiera mediante un hiperenlace o hiperv\u00ednculo el espacio de la web, as\u00ed como ninguno de sus contenidos, salvo autorizaci\u00f3n expresa y por escrito del responsable del fichero.<\/p>\r\n<p class=\"p2\">Est\u00e1 p\u00e1gina web puede incluir enlaces a otros espacios web, gestionados por terceros, con objeto de facilitar el acceso del usuario a la informaci\u00f3n de empresas colaboradoras y\/o patrocinadoras. Conforme con ello, la sociedad no se responsabiliza del contenido de dichos espacios web, ni se sit\u00faa en una posici\u00f3n de garante ni\/o de parte ofertante de los servicios\/o informaci\u00f3n que se pueden ofrecer a terceros a trav\u00e9s de los enlaces de terceros. La informaci\u00f3n que aparece en estos enlaces de afiliados o los anuncios insertados, son facilitados por los propios anunciantes, por lo que el titular no se hace responsable de posibles inexactitudes o errores que pudieran contener los anuncios, ni garantiza en modo alguno la experiencia, integridad o responsabilidad de los anunciantes o la calidad de sus productos y\/o servicios.<\/p>\r\n<p class=\"p2\">Se concede al usuario un derecho limitado, revocable y no exclusivo a crear enlaces a la p\u00e1gina principal del espacio web exclusivamente para uso privado y no comercial. Los espacios web que incluyan enlace a nuestro espacio web (i) no podr\u00e1n falsear su relaci\u00f3n ni afirmar que se ha autorizado tal enlace, ni incluir marcas, denominaciones, nombres comerciales, logotipos u otros signos distintivos de nuestra sociedad; (ii) no podr\u00e1n incluir contenidos que puedan considerarse de mal gusto, obscenos, ofensivos, controvertidos, que inciten a la violencia o la discriminaci\u00f3n por raz\u00f3n de sexo, raza o religi\u00f3n, contrarios al orden p\u00fablico o il\u00edcitos; (iii) no podr\u00e1n enlazar a ninguna p\u00e1gina del espacio web distinta de la p\u00e1gina principal; (iv) deber\u00e1 enlazar con la propia direcci\u00f3n del espacio web, sin permitir que el espacio web que realice el enlace reproduzca el espacio web como parte de su web o dentro de uno de sus \u201cframes\u201d o crear un \u201cbrowser\u201d sobre cualquiera de las p\u00e1ginas del espacio web. La empresa podr\u00e1 solicitar, en cualquier momento, que elimine cualquier enlace al espacio web, despu\u00e9s de lo cual deber\u00e1 proceder de inmediato a su eliminaci\u00f3n.<\/p>\r\n<p class=\"p2\">La empresa no puede controlar la informaci\u00f3n, contenidos, productos o servicios facilitados por otros espacios web que tengan establecidos enlaces con destino al espacio web.<\/p>\r\n<p class=\"p2\"><b>LIMITACI\u00d3N DE RESPONSABILIDAD<\/b><\/p>\r\n<p class=\"p2\">La empresa declina cualquier responsabilidad en caso de que existan interrupciones o un mal funcionamiento de los servicios o contenidos ofrecidos en Internet, cualquiera que sea su causa.<\/p>\r\n<p class=\"p2\">Antes de tomar decisiones y\/o acciones con base a la informaci\u00f3n incluida en el sitio web, el titular le recomienda comprobar y contrastar la informaci\u00f3n recibida con otras fuentes.<\/p>\r\n<p class=\"p2\"><b>EXCLUSIONES<\/b><\/p>\r\n<p class=\"p2\">La presente pol\u00edtica legal solamente afecta a la informaci\u00f3n publicada y al tratamiento de datos realizado en base a la plataforma. En ning\u00fan caso, las condiciones aqu\u00ed establecidas tienen que estar necesariamente relacionadas con las pol\u00edticas de la empresa por lo que se refiere a la prestaci\u00f3n de servicios en s\u00ed, as\u00ed como la forma de prestaci\u00f3n de los mismos por parte de su titular.<\/p>\r\n<p class=\"p2\"><b>RESOLUCI\u00d3N DE CONTROVERSIAS. LEY APLICABLE Y JURISDICCI\u00d3N<\/b><\/p>\r\n<p class=\"p2\">Las presentes condiciones generales de uso se rigen por la legislaci\u00f3n espa\u00f1ola.<\/p>\r\n<p class=\"p2\">Siempre que no haya una norma que obligue a otra cosa, para cuentas cuestiones se susciten sobre la interpretaci\u00f3n, aplicaci\u00f3n y cumplimiento de este aviso legal, as\u00ed como de las reclamaciones que puedan derivarse de su uso, las partes acuerdan someterse a los Jueces y Tribunales de la provincia de M\u00e1laga, con renuncia expresa de cualquier otra jurisdicci\u00f3n que pudiera corresponderles.<\/p>\r\n<p class=\"p2\">Si tiene cualquier duda puede enviar un mensaje de correo electr\u00f3nico a administracion@aclimpio.es.<\/p>\r\n<p class=\"p2\">En este sentido, y seg\u00fan la normativa aplicable, el Servicio informa de la existencia de una plataforma europea<b> <\/b>de<b> resoluci\u00f3n de litigios<\/b> <b>en l\u00ednea<\/b> <b>(RLL)<\/b> que facilita la resoluci\u00f3n extrajudicial de los litigios para contratos celebrados en l\u00ednea entre consumidores y prestadores de servicios de Internet. A dicha plataforma se podr\u00e1 acceder a trav\u00e9s de la siguiente p\u00e1gina web:<a href=\"http:\/\/ec.europa.eu\/odr\"><span class=\"s3\">\u00a0http:\/\/ec.europa.eu\/odr<\/span><\/a><\/p>\r\n<p class=\"p5\">\u00daltima actualizaci\u00f3n: Febrero de 2022<\/p>\t\t\t\t\t\t<\/div>\n\t\t\t\t<\/div>\n\t\t\t\t\t<\/div>\n\t\t<\/div>\n\t\t\t\t\t\t\t<\/div>\n\t\t<\/section>\n\t\t\t\t\t\t\t<\/div>\n\t\t","protected":false},"excerpt":{"rendered":"<p>DATOS IDENTIFICATIVOS Y TITULARIDAD Raz\u00f3n social: ACLIMPIO CORPORATION SLCIF: B93573855Correo electr\u00f3nico: administracion@aclimpio.esTel\u00e9fono: 695841729Domicilio: Calle Cesar Vallejo 49 (Pol\u00edgono Industrial Guadalhorce), 29004 M\u00e1laga (M\u00e1laga)Datos registrales: M\u00c1LAGA MERCANTIL con fecha 18\/10\/2017, n\u00famero de inscripci\u00f3n I, tomo 5660, folio 182, secci\u00f3n, hoja MA-141705.Dominio web: https:\/\/www.aclimpio.es\/ Con el presente documento se pretende dar cumplimiento a las obligaciones dispuestas en&hellip;<\/p>\n","protected":false},"author":1,"featured_media":0,"parent":0,"menu_order":0,"comment_status":"closed","ping_status":"open","template":"","meta":{"footnotes":""},"class_list":["post-3","page","type-page","status-publish","hentry"],"_links":{"self":[{"href":"https:\/\/aclimpio.es\/index.php?rest_route=\/wp\/v2\/pages\/3","targetHints":{"allow":["GET"]}}],"collection":[{"href":"https:\/\/aclimpio.es\/index.php?rest_route=\/wp\/v2\/pages"}],"about":[{"href":"https:\/\/aclimpio.es\/index.php?rest_route=\/wp\/v2\/types\/page"}],"author":[{"embeddable":true,"href":"https:\/\/aclimpio.es\/index.php?rest_route=\/wp\/v2\/users\/1"}],"replies":[{"embeddable":true,"href":"https:\/\/aclimpio.es\/index.php?rest_route=%2Fwp%2Fv2%2Fcomments&post=3"}],"version-history":[{"count":4,"href":"https:\/\/aclimpio.es\/index.php?rest_route=\/wp\/v2\/pages\/3\/revisions"}],"predecessor-version":[{"id":10424,"href":"https:\/\/aclimpio.es\/index.php?rest_route=\/wp\/v2\/pages\/3\/revisions\/10424"}],"wp:attachment":[{"href":"https:\/\/aclimpio.es\/index.php?rest_route=%2Fwp%2Fv2%2Fmedia&parent=3"}],"curies":[{"name":"wp","href":"https:\/\/api.w.org\/{rel}","templated":true}]}}